{"id":2258,"date":"2024-06-02T04:53:33","date_gmt":"2024-06-02T04:53:33","guid":{"rendered":"https:\/\/unityte.com\/?page_id=2258"},"modified":"2024-06-02T05:24:59","modified_gmt":"2024-06-02T05:24:59","slug":"terminos-y-condiciones","status":"publish","type":"page","link":"https:\/\/unityte.com\/en\/terminos-y-condiciones\/","title":{"rendered":"T\u00e9rminos y Condiciones"},"content":{"rendered":"<div data-elementor-type=\"wp-page\" data-elementor-id=\"2258\" class=\"elementor elementor-2258\" data-elementor-post-type=\"page\">\n\t\t\t\t<div class=\"elementor-element elementor-element-ded8eea e-flex e-con-boxed e-con e-parent\" data-id=\"ded8eea\" data-element_type=\"container\">\n\t\t\t\t\t<div class=\"e-con-inner\">\n\t\t\t\t<div class=\"elementor-element elementor-element-83d06ca elementor-widget elementor-widget-text-editor\" data-id=\"83d06ca\" data-element_type=\"widget\" data-widget_type=\"text-editor.default\">\n\t\t\t\t<div class=\"elementor-widget-container\">\n\t\t\t\t\t\t\t\t\t<p><strong>Responsabilidad del Usuario<\/strong><\/p><p>Unity Travel tomar\u00e1 como informaci\u00f3n v\u00e1lida aquella ingresada por el Usuario o Usuario Registrado al momento de hacer su reserva, considerando que ha ingresado correctamente sus datos (primer apellido y nombre), tal como aparecen en su documento de identidad v\u00e1lido y vigente (ID \/ DNI \/ Pasaporte o Carn\u00e9 de Extranjer\u00eda). Una vez reservado y pagado el\/los servicios, no son posibles de correcciones y\/o modificaciones.<\/p><p>Las tarifas se encuentran expresadas en D\u00f3lares Americanos, con el tipo de cambio vigente en nuevos soles, sujetas a disponibilidad y\/o hasta agotar stock.<\/p><p>Estas condiciones aplican para el itinerario y fechas de viajes de acuerdo con lo solicitado y designado por el Usuario y\/o cliente.<\/p><p>Es obligaci\u00f3n del cliente el correcto llenado de datos, la selecci\u00f3n de fechas, destinos y dem\u00e1s especificaciones para la adquisici\u00f3n del servicio, quedando Unity Travel absuelto de toda responsabilidad por ser un portal web de autoservicio.<\/p><p>El pasajero es responsable de informar y\/o ingresar el n\u00famero de pasajero frecuente para la acumulaci\u00f3n de millas (previa inscripci\u00f3n en la p\u00e1gina web de la aerol\u00ednea) y antes del viaje. De no realizarlo, deber\u00e1 contactar a la l\u00ednea a\u00e9rea y consultar si es posible la acumulaci\u00f3n retroactiva.<\/p><p>Es requisito indispensable poseer la mayor\u00eda de edad para la adquisici\u00f3n de nuestros servicios a trav\u00e9s del portal web.<\/p><p><strong>Cotizaciones y Reservas Pagadas<\/strong><\/p><p>Para servicios gestionados mediante el motor de reservas, el proceso ser\u00e1 inmediato, tanto el cobro como la generaci\u00f3n de un c\u00f3digo de reserva. Para servicios de cotizaci\u00f3n o armado de presupuestos, Unity Travel asignar\u00e1 a un especialista en el destino que atender\u00e1 su consulta en un tiempo no mayor a las 24 horas h\u00e1biles.<\/p><p>Al momento de remitir una cotizaci\u00f3n (presupuesto en base a una solicitud), Unity Travel enviar\u00e1 el precio estimado en d\u00f3lares americanos con el tipo de cambio vigente en nuevos soles. El monto por pagar se encontrar\u00e1 claramente detallado, el cual corresponde a la tarifa neta + impuestos establecidos y el cargo por el servicio de intermediaci\u00f3n de Unity Travel. Una vez aceptado dicho monto, el cliente es responsable de gestionar el pago seg\u00fan los medios disponibles.<\/p><p>Unity Travel buscar\u00e1 siempre respetar los precios hasta el momento de la emisi\u00f3n de los pasajes y\/o servicios; sin embargo, se pueden presentar variaciones de tarifas al ya no encontrarse vigente las mismas con los proveedores o haber alcanzado el stock. Unity Travel utilizar\u00e1 los mecanismos disponibles para hacer conocer al pasajero y\/o Usuario registrado la modificaci\u00f3n del precio referido. El precio no sufrir\u00e1 cambios ni modificaciones siempre que el producto o servicio se encuentre con confirmaci\u00f3n de pago.<\/p><p>Compras con tarjetas de cr\u00e9dito est\u00e1n sujetas a la aprobaci\u00f3n del banco emisor.<\/p><p>\u00a0<\/p>\t\t\t\t\t\t\t\t<\/div>\n\t\t\t\t<\/div>\n\t\t\t\t\t<\/div>\n\t\t\t\t<\/div>\n\t\t\t\t<\/div>","protected":false},"excerpt":{"rendered":"<p>Responsabilidad del Usuario Unity Travel tomar\u00e1 como informaci\u00f3n v\u00e1lida aquella ingresada por el Usuario o Usuario Registrado al momento de hacer su reserva, considerando que ha ingresado correctamente sus datos (primer apellido y nombre), tal como aparecen en su documento de identidad v\u00e1lido y vigente (ID \/ DNI \/ Pasaporte o Carn\u00e9 de Extranjer\u00eda). Una [&hellip;]<\/p>","protected":false},"author":1,"featured_media":0,"parent":0,"menu_order":32,"comment_status":"closed","ping_status":"open","template":"","meta":{"site-sidebar-layout":"default","site-content-layout":"","ast-site-content-layout":"default","site-content-style":"default","site-sidebar-style":"default","ast-global-header-display":"","ast-banner-title-visibility":"","ast-main-header-display":"","ast-hfb-above-header-display":"","ast-hfb-below-header-display":"","ast-hfb-mobile-header-display":"","site-post-title":"","ast-breadcrumbs-content":"","ast-featured-img":"","footer-sml-layout":"","ast-disable-related-posts":"","theme-transparent-header-meta":"","adv-header-id-meta":"","stick-header-meta":"","header-above-stick-meta":"","header-main-stick-meta":"","header-below-stick-meta":"","astra-migrate-meta-layouts":"set","ast-page-background-enabled":"default","ast-page-background-meta":{"desktop":{"background-color":"","background-image":"","background-repeat":"repeat","background-position":"center center","background-size":"auto","background-attachment":"scroll","background-type":"","background-media":"","overlay-type":"","overlay-color":"","overlay-opacity":"","overlay-gradient":""},"tablet":{"background-color":"","background-image":"","background-repeat":"repeat","background-position":"center center","background-size":"auto","background-attachment":"scroll","background-type":"","background-media":"","overlay-type":"","overlay-color":"","overlay-opacity":"","overlay-gradient":""},"mobile":{"background-color":"","background-image":"","background-repeat":"repeat","background-position":"center center","background-size":"auto","background-attachment":"scroll","background-type":"","background-media":"","overlay-type":"","overlay-color":"","overlay-opacity":"","overlay-gradient":""}},"ast-content-background-meta":{"desktop":{"background-color":"var(--ast-global-color-4)","background-image":"","background-repeat":"repeat","background-position":"center center","background-size":"auto","background-attachment":"scroll","background-type":"","background-media":"","overlay-type":"","overlay-color":"","overlay-opacity":"","overlay-gradient":""},"tablet":{"background-color":"var(--ast-global-color-4)","background-image":"","background-repeat":"repeat","background-position":"center center","background-size":"auto","background-attachment":"scroll","background-type":"","background-media":"","overlay-type":"","overlay-color":"","overlay-opacity":"","overlay-gradient":""},"mobile":{"background-color":"var(--ast-global-color-4)","background-image":"","background-repeat":"repeat","background-position":"center center","background-size":"auto","background-attachment":"scroll","background-type":"","background-media":"","overlay-type":"","overlay-color":"","overlay-opacity":"","overlay-gradient":""}},"_joinchat":[],"footnotes":""},"class_list":["post-2258","page","type-page","status-publish","hentry"],"yoast_head":"<!-- This site is optimized with the Yoast SEO plugin v26.8 - https:\/\/yoast.com\/product\/yoast-seo-wordpress\/ -->\n<title>T\u00e9rminos y Condiciones -<\/title>\n<meta name=\"description\" content=\"Unity Travel S.A.C. declara que tiene un firme compromiso con la protecci\u00f3n, seguridad y privacidad de los usuarios.\" \/>\n<meta name=\"robots\" content=\"index, follow, max-snippet:-1, max-image-preview:large, max-video-preview:-1\" \/>\n<link rel=\"canonical\" href=\"https:\/\/unityte.com\/en\/terminos-y-condiciones\/\" \/>\n<meta property=\"og:locale\" content=\"en_US\" \/>\n<meta property=\"og:type\" content=\"article\" \/>\n<meta property=\"og:title\" content=\"T\u00e9rminos y Condiciones -\" \/>\n<meta property=\"og:description\" content=\"Unity Travel S.A.C. declara que tiene un firme compromiso con la protecci\u00f3n, seguridad y privacidad de los usuarios.\" \/>\n<meta property=\"og:url\" content=\"https:\/\/unityte.com\/en\/terminos-y-condiciones\/\" \/>\n<meta property=\"article:modified_time\" content=\"2024-06-02T05:24:59+00:00\" \/>\n<meta name=\"twitter:card\" content=\"summary_large_image\" \/>\n<meta name=\"twitter:label1\" content=\"Est. reading time\" \/>\n\t<meta name=\"twitter:data1\" content=\"3 minutes\" \/>\n<script type=\"application\/ld+json\" class=\"yoast-schema-graph\">{\"@context\":\"https:\/\/schema.org\",\"@graph\":[{\"@type\":\"WebPage\",\"@id\":\"https:\/\/unityte.com\/terminos-y-condiciones\/\",\"url\":\"https:\/\/unityte.com\/terminos-y-condiciones\/\",\"name\":\"T\u00e9rminos y Condiciones -\",\"isPartOf\":{\"@id\":\"https:\/\/unityte.com\/#website\"},\"datePublished\":\"2024-06-02T04:53:33+00:00\",\"dateModified\":\"2024-06-02T05:24:59+00:00\",\"description\":\"Unity Travel S.A.C. declara que tiene un firme compromiso con la protecci\u00f3n, seguridad y privacidad de los usuarios.\",\"breadcrumb\":{\"@id\":\"https:\/\/unityte.com\/terminos-y-condiciones\/#breadcrumb\"},\"inLanguage\":\"en-US\",\"potentialAction\":[{\"@type\":\"ReadAction\",\"target\":[\"https:\/\/unityte.com\/terminos-y-condiciones\/\"]}]},{\"@type\":\"BreadcrumbList\",\"@id\":\"https:\/\/unityte.com\/terminos-y-condiciones\/#breadcrumb\",\"itemListElement\":[{\"@type\":\"ListItem\",\"position\":1,\"name\":\"Portada\",\"item\":\"https:\/\/unityte.com\/\"},{\"@type\":\"ListItem\",\"position\":2,\"name\":\"T\u00e9rminos y Condiciones\"}]},{\"@type\":\"WebSite\",\"@id\":\"https:\/\/unityte.com\/#website\",\"url\":\"https:\/\/unityte.com\/\",\"name\":\"\",\"description\":\"\",\"potentialAction\":[{\"@type\":\"SearchAction\",\"target\":{\"@type\":\"EntryPoint\",\"urlTemplate\":\"https:\/\/unityte.com\/?s={search_term_string}\"},\"query-input\":{\"@type\":\"PropertyValueSpecification\",\"valueRequired\":true,\"valueName\":\"search_term_string\"}}],\"inLanguage\":\"en-US\"}]}<\/script>\n<!-- \/ Yoast SEO plugin. -->","yoast_head_json":{"title":"T\u00e9rminos y Condiciones -","description":"Unity Travel S.A.C. declara que tiene un firme compromiso con la protecci\u00f3n, seguridad y privacidad de los usuarios.","robots":{"index":"index","follow":"follow","max-snippet":"max-snippet:-1","max-image-preview":"max-image-preview:large","max-video-preview":"max-video-preview:-1"},"canonical":"https:\/\/unityte.com\/en\/terminos-y-condiciones\/","og_locale":"en_US","og_type":"article","og_title":"T\u00e9rminos y Condiciones -","og_description":"Unity Travel S.A.C. declara que tiene un firme compromiso con la protecci\u00f3n, seguridad y privacidad de los usuarios.","og_url":"https:\/\/unityte.com\/en\/terminos-y-condiciones\/","article_modified_time":"2024-06-02T05:24:59+00:00","twitter_card":"summary_large_image","twitter_misc":{"Est. reading time":"3 minutes"},"schema":{"@context":"https:\/\/schema.org","@graph":[{"@type":"WebPage","@id":"https:\/\/unityte.com\/terminos-y-condiciones\/","url":"https:\/\/unityte.com\/terminos-y-condiciones\/","name":"T\u00e9rminos y Condiciones -","isPartOf":{"@id":"https:\/\/unityte.com\/#website"},"datePublished":"2024-06-02T04:53:33+00:00","dateModified":"2024-06-02T05:24:59+00:00","description":"Unity Travel S.A.C. declara que tiene un firme compromiso con la protecci\u00f3n, seguridad y privacidad de los usuarios.","breadcrumb":{"@id":"https:\/\/unityte.com\/terminos-y-condiciones\/#breadcrumb"},"inLanguage":"en-US","potentialAction":[{"@type":"ReadAction","target":["https:\/\/unityte.com\/terminos-y-condiciones\/"]}]},{"@type":"BreadcrumbList","@id":"https:\/\/unityte.com\/terminos-y-condiciones\/#breadcrumb","itemListElement":[{"@type":"ListItem","position":1,"name":"Portada","item":"https:\/\/unityte.com\/"},{"@type":"ListItem","position":2,"name":"T\u00e9rminos y Condiciones"}]},{"@type":"WebSite","@id":"https:\/\/unityte.com\/#website","url":"https:\/\/unityte.com\/","name":"","description":"","potentialAction":[{"@type":"SearchAction","target":{"@type":"EntryPoint","urlTemplate":"https:\/\/unityte.com\/?s={search_term_string}"},"query-input":{"@type":"PropertyValueSpecification","valueRequired":true,"valueName":"search_term_string"}}],"inLanguage":"en-US"}]}},"_links":{"self":[{"href":"https:\/\/unityte.com\/en\/wp-json\/wp\/v2\/pages\/2258","targetHints":{"allow":["GET"]}}],"collection":[{"href":"https:\/\/unityte.com\/en\/wp-json\/wp\/v2\/pages"}],"about":[{"href":"https:\/\/unityte.com\/en\/wp-json\/wp\/v2\/types\/page"}],"author":[{"embeddable":true,"href":"https:\/\/unityte.com\/en\/wp-json\/wp\/v2\/users\/1"}],"replies":[{"embeddable":true,"href":"https:\/\/unityte.com\/en\/wp-json\/wp\/v2\/comments?post=2258"}],"version-history":[{"count":4,"href":"https:\/\/unityte.com\/en\/wp-json\/wp\/v2\/pages\/2258\/revisions"}],"predecessor-version":[{"id":2263,"href":"https:\/\/unityte.com\/en\/wp-json\/wp\/v2\/pages\/2258\/revisions\/2263"}],"wp:attachment":[{"href":"https:\/\/unityte.com\/en\/wp-json\/wp\/v2\/media?parent=2258"}],"curies":[{"name":"wp","href":"https:\/\/api.w.org\/{rel}","templated":true}]}}