{"id":3,"date":"2024-04-22T12:50:59","date_gmt":"2024-04-22T12:50:59","guid":{"rendered":"https:\/\/unityte.com\/?page_id=3"},"modified":"2024-06-02T04:45:51","modified_gmt":"2024-06-02T04:45:51","slug":"politica-de-proteccion-de-datos-personales","status":"publish","type":"page","link":"https:\/\/unityte.com\/en\/politica-de-proteccion-de-datos-personales\/","title":{"rendered":"Pol\u00edtica de Protecci\u00f3n de Datos Personales"},"content":{"rendered":"<div data-elementor-type=\"wp-page\" data-elementor-id=\"3\" class=\"elementor elementor-3\" data-elementor-post-type=\"page\">\n\t\t\t\t<div class=\"elementor-element elementor-element-ded8eea e-flex e-con-boxed e-con e-parent\" data-id=\"ded8eea\" data-element_type=\"container\">\n\t\t\t\t\t<div class=\"e-con-inner\">\n\t\t\t\t<div class=\"elementor-element elementor-element-6b4c8c4 elementor-widget elementor-widget-text-editor\" data-id=\"6b4c8c4\" data-element_type=\"widget\" data-widget_type=\"text-editor.default\">\n\t\t\t\t<div class=\"elementor-widget-container\">\n\t\t\t\t\t\t\t\t\t<p>Unity Travel S.A.C. declara que tiene un firme compromiso con la protecci\u00f3n, seguridad y privacidad de los usuarios. La informaci\u00f3n personal que recopila sobre sus clientes es utilizada con el objeto de contactarle de ser necesario. Unity Travel S.A.C. no recopila informaci\u00f3n personal sobre sus clientes para fines distintos de los enunciados, y tampoco vende, negocia o alquila la informaci\u00f3n personal a ninguna organizaci\u00f3n.<\/p>\n<p>Unity Travel S.A.C. usa y trata datos personales en cumplimiento con lo dispuesto en la Ley N\u00ba 29733 \u2013 Ley de Protecci\u00f3n de Datos Personales, su Reglamento (D.S. 003-2013-JUS), y sus normas complementarias y modificatorias (todas \u00e9stas en adelante definidas como \u201cNormativa de Protecci\u00f3n de Datos Personales\u201d).<\/p>\n<p>S\u00f3lo utilizamos sus datos personales (nombre, n\u00famero de tel\u00e9fono y direcci\u00f3n de correo electr\u00f3nico) para la compra, venta o confirmaci\u00f3n de las reservas que solicite; o para enviarle informaci\u00f3n de nuestra empresa, teniendo la opci\u00f3n de no recibirla. La informaci\u00f3n personal que registre en nuestra p\u00e1gina web est\u00e1 disponible en un sistema seguro y no est\u00e1 a disponibilidad del p\u00fablico. Los datos personales que usted nos proporcione solo ser\u00e1n almacenado en nuestro sistema, el cual dispone de las medidas de seguridad que garantizan su integridad tales como protocolos SSL y encriptamiento de informaci\u00f3n.<\/p>\n<p>Unity Travel S.A.C. contiene enlaces a otros sitios web dentro de Internet que operan bajo nombres de dominio URL, diferentes del dominio www.unityte.com<\/p>\n<p>Estos enlaces se proveen para la conveniencia de los usuarios de www.unityte.com y no est\u00e1n bajo el control de nuestra compa\u00f1\u00eda, ni le pertenecen. www.unityte.com no garantiza ni representa de forma expresa o impl\u00edcita el contenido de estos enlaces. Los enlaces no constituyen o implican la aprobaci\u00f3n, autorizaci\u00f3n, patrocinio o afiliaci\u00f3n de www.unityte.com con respecto a terceros, sus p\u00e1ginas de Internet, ni contenidos de las mismas.<\/p>\n<p>www.unityte.com utiliza cookies a fin de hacer la p\u00e1gina m\u00e1s \u201camigable al usuario\u201d, permiti\u00e9ndote utilizar servicios sin tener que ingresar repetidamente la informaci\u00f3n de registro.<\/p>\n<p><b>Protecci\u00f3n de Datos Personales<\/b><\/p>\n<p>En Unity Travel S.A.C. nos preocupamos por la protecci\u00f3n y privacidad de los datos personales de nuestros usuarios. Por ello, garantizamos la absoluta confidencialidad de los mismos y empleamos altos est\u00e1ndares de seguridad conforme a lo establecido en la Ley de Protecci\u00f3n de Datos Personales \u2013 Ley N\u00b0 29733, su Reglamento aprobado por el Decreto Supremo N\u00b0 003-2013-JUS (\u201clas normas de protecci\u00f3n de datos personales\u201d) y sus modificatorias<\/p>\n<p>Nuestro sitio est\u00e1 protegido con una amplia variedad de medidas de seguridad, tales como procedimientos de control de cambios, passwords y controles de acceso f\u00edsico. Tambi\u00e9n empleamos otros mecanismos para asegurar que los datos que usted proporciona no sean extraviados, mal utilizados o modificados inapropiadamente. Esos controles incluyen pol\u00edticas de confidencialidad y respaldo peri\u00f3dico de bases de datos.<\/p>\n<p>El usuario dispondr\u00e1 en todo momento de los derechos de informaci\u00f3n, rectificaci\u00f3n y cancelaci\u00f3n de los datos personales conforme a la Ley N\u00ba 29733 sobre protecci\u00f3n de datos de car\u00e1cter personal. Asimismo, si desea modificar su informaci\u00f3n personal, lo puede hacer llamando al tel\u00e9fono 927103876 en horario h\u00e1bil (desde las 09:00 hasta las 21:00 horas).<\/p>\n<p><b>Principios Rectores<\/b><\/p>\n<p>Unity Travel S.A.C. se compromete a respetar los principios rectores establecidos en la Normativa de Protecci\u00f3n de Datos Personales.<\/p>\n<p><b>Estos son:<\/b><\/p>\n<p>1. Principio de legalidad: el tratamiento de los datos personales se hace conforme a lo establecido en la ley, estando prohibida la recopilaci\u00f3n de los datos personales por medios fraudulentos, desleales o il\u00edcitos.<\/p>\n<p>2. Principio de consentimiento: para el tratamiento de los datos personales debe mediar el consentimiento de su titular.<\/p>\n<p>3. Principio de finalidad: los datos personales deben ser recopilados para una finalidad determinada, expl\u00edcita y l\u00edcita, y su tratamiento no debe extenderse a otra finalidad distinta a aquella para la cual fueron recopilados.<\/p>\n<p>4. Principio de proporcionalidad: el tratamiento de datos personales debe ser adecuado, relevante y no excesivo a la finalidad para la que estos hubiesen sido recopilados.<\/p>\n<p>5. Principio de calidad: los datos personales que vayan a ser tratados deben ser veraces, exactos y, en la medida de lo posible, actualizados, necesarios, pertinentes y adecuados respecto de la finalidad para la que fueron recopilados.<\/p>\n<p>6. Principio de seguridad: el titular del banco de datos personales y el encargado de su tratamiento deben adoptar las medidas t\u00e9cnicas, organizativas y legales necesarias para garantizar la seguridad de los datos personales.<\/p>\n<p>7. Principio de disposici\u00f3n de recurso: el titular de datos personales debe contar con las v\u00edas administrativas o jurisdiccionales necesarias para reclamar y hacer valer sus derechos cuando estos sean vulnerados por el tratamiento de sus datos personales.<\/p>\n<p>8. Principio de nivel de protecci\u00f3n adecuado: para el flujo transfronterizo de datos personales, se debe garantizar un nivel suficiente de protecci\u00f3n para los datos personales que se vayan a tratar o, por lo menos, equiparable a lo previsto por la Ley de Protecci\u00f3n de Datos Personales o por los est\u00e1ndares internacionales en la materia<\/p>\n<p><b>Derechos de los titulares<\/b><\/p>\n<p>De acuerdo a ley, los titulares de datos personales tienen los siguientes derechos:<\/p>\n<p>Derecho de acceso e informaci\u00f3n: El titular de datos personales tiene derecho a obtener la informaci\u00f3n que sobre s\u00ed mismo sea objeto de tratamiento en bancos de datos de titularidad de Unity Travel S.A.C.<\/p>\n<p>Derecho de rectificaci\u00f3n, actualizaci\u00f3n e inclusi\u00f3n: El titular de datos personales tiene derecho a la actualizaci\u00f3n, inclusi\u00f3n y rectificaci\u00f3n de sus datos personales materia de tratamiento por parte de Unity Travel S.A.C. cuando estos sean parcial o totalmente inexactos, incompletos o cuando se hubiere advertido omisi\u00f3n, error o falsedad.<\/p>\n<p>Derecho de cancelaci\u00f3n o supresi\u00f3n: El titular de datos personales podr\u00e1 solicitar la cancelaci\u00f3n o supresi\u00f3n de sus datos personales no relacionados o necesarios para la ejecuci\u00f3n de las obligaciones de cargo de Unity Travel S.A.C. previstas en los contratos suscritos o las dispuestas por la normativa vigente.<\/p>\n<p>Derecho de oposici\u00f3n: El titular de datos personales puede oponerse al tratamiento de sus datos personales en cualquier momento. La oposici\u00f3n proceder\u00e1 en la medida que el tratamiento no tenga justificaci\u00f3n contractual o legal.<\/p>\t\t\t\t\t\t\t\t<\/div>\n\t\t\t\t<\/div>\n\t\t\t\t\t<\/div>\n\t\t\t\t<\/div>\n\t\t\t\t<\/div>","protected":false},"excerpt":{"rendered":"<p>Unity Travel S.A.C. declara que tiene un firme compromiso con la protecci\u00f3n, seguridad y privacidad de los usuarios. La informaci\u00f3n personal que recopila sobre sus clientes es utilizada con el objeto de contactarle de ser necesario. Unity Travel S.A.C. no recopila informaci\u00f3n personal sobre sus clientes para fines distintos de los enunciados, y tampoco vende, [&hellip;]<\/p>","protected":false},"author":1,"featured_media":0,"parent":0,"menu_order":31,"comment_status":"closed","ping_status":"open","template":"","meta":{"site-sidebar-layout":"default","site-content-layout":"","ast-site-content-layout":"default","site-content-style":"default","site-sidebar-style":"default","ast-global-header-display":"","ast-banner-title-visibility":"","ast-main-header-display":"","ast-hfb-above-header-display":"","ast-hfb-below-header-display":"","ast-hfb-mobile-header-display":"","site-post-title":"","ast-breadcrumbs-content":"","ast-featured-img":"","footer-sml-layout":"","ast-disable-related-posts":"","theme-transparent-header-meta":"","adv-header-id-meta":"","stick-header-meta":"","header-above-stick-meta":"","header-main-stick-meta":"","header-below-stick-meta":"","astra-migrate-meta-layouts":"set","ast-page-background-enabled":"default","ast-page-background-meta":{"desktop":{"background-color":"","background-image":"","background-repeat":"repeat","background-position":"center center","background-size":"auto","background-attachment":"scroll","background-type":"","background-media":"","overlay-type":"","overlay-color":"","overlay-opacity":"","overlay-gradient":""},"tablet":{"background-color":"","background-image":"","background-repeat":"repeat","background-position":"center center","background-size":"auto","background-attachment":"scroll","background-type":"","background-media":"","overlay-type":"","overlay-color":"","overlay-opacity":"","overlay-gradient":""},"mobile":{"background-color":"","background-image":"","background-repeat":"repeat","background-position":"center center","background-size":"auto","background-attachment":"scroll","background-type":"","background-media":"","overlay-type":"","overlay-color":"","overlay-opacity":"","overlay-gradient":""}},"ast-content-background-meta":{"desktop":{"background-color":"var(--ast-global-color-4)","background-image":"","background-repeat":"repeat","background-position":"center center","background-size":"auto","background-attachment":"scroll","background-type":"","background-media":"","overlay-type":"","overlay-color":"","overlay-opacity":"","overlay-gradient":""},"tablet":{"background-color":"var(--ast-global-color-4)","background-image":"","background-repeat":"repeat","background-position":"center center","background-size":"auto","background-attachment":"scroll","background-type":"","background-media":"","overlay-type":"","overlay-color":"","overlay-opacity":"","overlay-gradient":""},"mobile":{"background-color":"var(--ast-global-color-4)","background-image":"","background-repeat":"repeat","background-position":"center center","background-size":"auto","background-attachment":"scroll","background-type":"","background-media":"","overlay-type":"","overlay-color":"","overlay-opacity":"","overlay-gradient":""}},"_joinchat":[],"footnotes":""},"class_list":["post-3","page","type-page","status-publish","hentry"],"yoast_head":"<!-- This site is optimized with the Yoast SEO plugin v26.8 - https:\/\/yoast.com\/product\/yoast-seo-wordpress\/ -->\n<title>Pol\u00edtica de Protecci\u00f3n de Datos Personales -<\/title>\n<meta name=\"description\" content=\"Unity Travel S.A.C. declara que tiene un firme compromiso con la protecci\u00f3n, seguridad y privacidad de los usuarios.\" \/>\n<meta name=\"robots\" content=\"index, follow, max-snippet:-1, max-image-preview:large, max-video-preview:-1\" \/>\n<link rel=\"canonical\" href=\"https:\/\/unityte.com\/en\/politica-de-proteccion-de-datos-personales\/\" \/>\n<meta property=\"og:locale\" content=\"en_US\" \/>\n<meta property=\"og:type\" content=\"article\" \/>\n<meta property=\"og:title\" content=\"Pol\u00edtica de Protecci\u00f3n de Datos Personales -\" \/>\n<meta property=\"og:description\" content=\"Unity Travel S.A.C. declara que tiene un firme compromiso con la protecci\u00f3n, seguridad y privacidad de los usuarios.\" \/>\n<meta property=\"og:url\" content=\"https:\/\/unityte.com\/en\/politica-de-proteccion-de-datos-personales\/\" \/>\n<meta property=\"article:modified_time\" content=\"2024-06-02T04:45:51+00:00\" \/>\n<meta name=\"twitter:card\" content=\"summary_large_image\" \/>\n<meta name=\"twitter:label1\" content=\"Est. reading time\" \/>\n\t<meta name=\"twitter:data1\" content=\"5 minutes\" \/>\n<script type=\"application\/ld+json\" class=\"yoast-schema-graph\">{\"@context\":\"https:\/\/schema.org\",\"@graph\":[{\"@type\":\"WebPage\",\"@id\":\"https:\/\/unityte.com\/politica-de-proteccion-de-datos-personales\/\",\"url\":\"https:\/\/unityte.com\/politica-de-proteccion-de-datos-personales\/\",\"name\":\"Pol\u00edtica de Protecci\u00f3n de Datos Personales -\",\"isPartOf\":{\"@id\":\"https:\/\/unityte.com\/#website\"},\"datePublished\":\"2024-04-22T12:50:59+00:00\",\"dateModified\":\"2024-06-02T04:45:51+00:00\",\"description\":\"Unity Travel S.A.C. declara que tiene un firme compromiso con la protecci\u00f3n, seguridad y privacidad de los usuarios.\",\"breadcrumb\":{\"@id\":\"https:\/\/unityte.com\/politica-de-proteccion-de-datos-personales\/#breadcrumb\"},\"inLanguage\":\"en-US\",\"potentialAction\":[{\"@type\":\"ReadAction\",\"target\":[\"https:\/\/unityte.com\/politica-de-proteccion-de-datos-personales\/\"]}]},{\"@type\":\"BreadcrumbList\",\"@id\":\"https:\/\/unityte.com\/politica-de-proteccion-de-datos-personales\/#breadcrumb\",\"itemListElement\":[{\"@type\":\"ListItem\",\"position\":1,\"name\":\"Portada\",\"item\":\"https:\/\/unityte.com\/\"},{\"@type\":\"ListItem\",\"position\":2,\"name\":\"Pol\u00edtica de Protecci\u00f3n de Datos Personales\"}]},{\"@type\":\"WebSite\",\"@id\":\"https:\/\/unityte.com\/#website\",\"url\":\"https:\/\/unityte.com\/\",\"name\":\"\",\"description\":\"\",\"potentialAction\":[{\"@type\":\"SearchAction\",\"target\":{\"@type\":\"EntryPoint\",\"urlTemplate\":\"https:\/\/unityte.com\/?s={search_term_string}\"},\"query-input\":{\"@type\":\"PropertyValueSpecification\",\"valueRequired\":true,\"valueName\":\"search_term_string\"}}],\"inLanguage\":\"en-US\"}]}<\/script>\n<!-- \/ Yoast SEO plugin. -->","yoast_head_json":{"title":"Pol\u00edtica de Protecci\u00f3n de Datos Personales -","description":"Unity Travel S.A.C. declara que tiene un firme compromiso con la protecci\u00f3n, seguridad y privacidad de los usuarios.","robots":{"index":"index","follow":"follow","max-snippet":"max-snippet:-1","max-image-preview":"max-image-preview:large","max-video-preview":"max-video-preview:-1"},"canonical":"https:\/\/unityte.com\/en\/politica-de-proteccion-de-datos-personales\/","og_locale":"en_US","og_type":"article","og_title":"Pol\u00edtica de Protecci\u00f3n de Datos Personales -","og_description":"Unity Travel S.A.C. declara que tiene un firme compromiso con la protecci\u00f3n, seguridad y privacidad de los usuarios.","og_url":"https:\/\/unityte.com\/en\/politica-de-proteccion-de-datos-personales\/","article_modified_time":"2024-06-02T04:45:51+00:00","twitter_card":"summary_large_image","twitter_misc":{"Est. reading time":"5 minutes"},"schema":{"@context":"https:\/\/schema.org","@graph":[{"@type":"WebPage","@id":"https:\/\/unityte.com\/politica-de-proteccion-de-datos-personales\/","url":"https:\/\/unityte.com\/politica-de-proteccion-de-datos-personales\/","name":"Pol\u00edtica de Protecci\u00f3n de Datos Personales -","isPartOf":{"@id":"https:\/\/unityte.com\/#website"},"datePublished":"2024-04-22T12:50:59+00:00","dateModified":"2024-06-02T04:45:51+00:00","description":"Unity Travel S.A.C. declara que tiene un firme compromiso con la protecci\u00f3n, seguridad y privacidad de los usuarios.","breadcrumb":{"@id":"https:\/\/unityte.com\/politica-de-proteccion-de-datos-personales\/#breadcrumb"},"inLanguage":"en-US","potentialAction":[{"@type":"ReadAction","target":["https:\/\/unityte.com\/politica-de-proteccion-de-datos-personales\/"]}]},{"@type":"BreadcrumbList","@id":"https:\/\/unityte.com\/politica-de-proteccion-de-datos-personales\/#breadcrumb","itemListElement":[{"@type":"ListItem","position":1,"name":"Portada","item":"https:\/\/unityte.com\/"},{"@type":"ListItem","position":2,"name":"Pol\u00edtica de Protecci\u00f3n de Datos Personales"}]},{"@type":"WebSite","@id":"https:\/\/unityte.com\/#website","url":"https:\/\/unityte.com\/","name":"","description":"","potentialAction":[{"@type":"SearchAction","target":{"@type":"EntryPoint","urlTemplate":"https:\/\/unityte.com\/?s={search_term_string}"},"query-input":{"@type":"PropertyValueSpecification","valueRequired":true,"valueName":"search_term_string"}}],"inLanguage":"en-US"}]}},"_links":{"self":[{"href":"https:\/\/unityte.com\/en\/wp-json\/wp\/v2\/pages\/3","targetHints":{"allow":["GET"]}}],"collection":[{"href":"https:\/\/unityte.com\/en\/wp-json\/wp\/v2\/pages"}],"about":[{"href":"https:\/\/unityte.com\/en\/wp-json\/wp\/v2\/types\/page"}],"author":[{"embeddable":true,"href":"https:\/\/unityte.com\/en\/wp-json\/wp\/v2\/users\/1"}],"replies":[{"embeddable":true,"href":"https:\/\/unityte.com\/en\/wp-json\/wp\/v2\/comments?post=3"}],"version-history":[{"count":4,"href":"https:\/\/unityte.com\/en\/wp-json\/wp\/v2\/pages\/3\/revisions"}],"predecessor-version":[{"id":2255,"href":"https:\/\/unityte.com\/en\/wp-json\/wp\/v2\/pages\/3\/revisions\/2255"}],"wp:attachment":[{"href":"https:\/\/unityte.com\/en\/wp-json\/wp\/v2\/media?parent=3"}],"curies":[{"name":"wp","href":"https:\/\/api.w.org\/{rel}","templated":true}]}}